{"id":1251,"date":"2018-11-06T10:34:45","date_gmt":"2018-11-06T10:34:45","guid":{"rendered":"https:\/\/the7.io\/church\/?page_id=7"},"modified":"2024-08-24T15:33:43","modified_gmt":"2024-08-24T13:33:43","slug":"about","status":"publish","type":"page","link":"https:\/\/jonathan-philippe.be\/en\/about\/","title":{"rendered":"YOUR event"},"content":{"rendered":"<div class=\"vc_row wpb_row vc_row-fluid vc_custom_1724506424807\"><div class=\"wpb_column vc_column_container vc_col-sm-12\"><div class=\"vc_column-inner\"><div class=\"wpb_wrapper\"><div id=\"ultimate-heading-868769ef84d5dbcf3\" class=\"uvc-heading ult-adjust-bottom-margin ultimate-heading-868769ef84d5dbcf3 uvc-6782  uvc-heading-default-font-sizes\" data-hspacer=\"no_spacer\"  data-halign=\"center\" style=\"text-align:center\"><div class=\"uvc-heading-spacer no_spacer\" style=\"top\"><\/div><div class=\"uvc-main-heading ult-responsive\"  data-ultimate-target='.uvc-heading.ultimate-heading-868769ef84d5dbcf3 h1'  data-responsive-json-new='{\"font-size\":\"\",\"line-height\":\"\"}' ><h1 style=\"font-family:&#039;Kumbh Sans&#039;;font-weight:500;color:#ffffff;\">Magic... on the Menu !<\/h1><\/div><\/div><\/div><\/div><\/div><\/div><!-- Row Backgrounds --><div class=\"upb_bg_img\" data-ultimate-bg=\"url(https:\/\/jonathan-philippe.be\/wp-content\/uploads\/2024\/08\/jonathan-philippe-magicien-animation.jpg)\" data-image-id=\"id^1478|url^https:\/\/jonathan-philippe.be\/wp-content\/uploads\/2024\/08\/jonathan-philippe-magicien-animation.jpg|caption^null|alt^null|title^jonathan-philippe-magicien-animation|description^null\" data-ultimate-bg-style=\"vcpb-default\" data-bg-img-repeat=\"no-repeat\" data-bg-img-size=\"cover\" data-bg-img-position=\"\" data-parallx_sense=\"30\" data-bg-override=\"full\" data-bg_img_attach=\"scroll\" data-upb-overlay-color=\"\" data-upb-bg-animation=\"\" data-fadeout=\"\" data-bg-animation=\"left-animation\" data-bg-animation-type=\"h\" data-animation-repeat=\"repeat\" data-fadeout-percentage=\"30\" data-parallax-content=\"\" data-parallax-content-sense=\"30\" data-row-effect-mobile-disable=\"true\" data-img-parallax-mobile-disable=\"true\" data-rtl=\"false\"  data-custom-vc-row=\"\"  data-vc=\"6.9.0\"  data-is_old_vc=\"\"  data-theme-support=\"\"   data-overlay=\"false\" data-overlay-color=\"\" data-overlay-pattern=\"\" data-overlay-pattern-opacity=\"\" data-overlay-pattern-size=\"\"    ><\/div><div class=\"vc_row wpb_row vc_row-fluid vc_row-o-equal-height vc_row-o-content-middle vc_row-flex\"><div class=\"wpb_column vc_column_container vc_col-sm-6\"><div class=\"vc_column-inner vc_custom_1654595275214\"><div class=\"wpb_wrapper\"><div id=\"ultimate-heading-304869ef84d5dc897\" class=\"uvc-heading ult-adjust-bottom-margin ultimate-heading-304869ef84d5dc897 uvc-5617  uvc-heading-default-font-sizes\" data-hspacer=\"no_spacer\"  data-halign=\"left\" style=\"text-align:left\"><div class=\"uvc-heading-spacer no_spacer\" style=\"top\"><\/div><div class=\"uvc-main-heading ult-responsive\"  data-ultimate-target='.uvc-heading.ultimate-heading-304869ef84d5dc897 h2'  data-responsive-json-new='{\"font-size\":\"\",\"line-height\":\"\"}' ><h2 style=\"font-family:&#039;Kumbh Sans&#039;;--font-weight:theme;margin-bottom:30px;\">Magic... up close !<\/h2><\/div><div class=\"uvc-sub-heading ult-responsive\"  data-ultimate-target='.uvc-heading.ultimate-heading-304869ef84d5dc897 .uvc-sub-heading '  data-responsive-json-new='{\"font-size\":\"\",\"line-height\":\"\"}'  style=\"font-family:&#039;Kumbh Sans&#039;;font-weight:normal;font-style:normal;\">Jonathan specialises in close-up magic. Magic on stage or on TV is impressive enough but nothing is more magical than seeing the impossible to happen under your nose, or in your very hands...<\/p>\n<p>Whether it's a walking dinner or a cocktail party, Jonathan blends in with the guests and entertains them with close-up magic. Is it a dinner, he'll go from table to table to entertain each one with its own mini-show.<\/p>\n<p>For a small group (up to 40) he can also perform a genuine close-up show for the whole audience to enjoy it together, comfortably seated.<\/div><\/div><\/div><\/div><\/div><div class=\"wpb_column vc_column_container vc_col-sm-6\"><div class=\"vc_column-inner\"><div class=\"wpb_wrapper\">\n\t<div  class=\"wpb_single_image wpb_content_element vc_align_left  vc_custom_1654595325629\">\n\t\t\n\t\t<figure class=\"wpb_wrapper vc_figure\">\n\t\t\t<div class=\"vc_single_image-wrapper   vc_box_border_grey\"><img decoding=\"async\" width=\"300\" height=\"200\" src=\"https:\/\/jonathan-philippe.be\/wp-content\/uploads\/2022\/06\/PhotoSites08-300x200.jpg\" class=\"vc_single_image-img attachment-medium\" alt=\"\" title=\"PhotoSites08\" srcset=\"https:\/\/jonathan-philippe.be\/wp-content\/uploads\/2022\/06\/PhotoSites08-300x200.jpg 300w, https:\/\/jonathan-philippe.be\/wp-content\/uploads\/2022\/06\/PhotoSites08-1024x682.jpg 1024w, https:\/\/jonathan-philippe.be\/wp-content\/uploads\/2022\/06\/PhotoSites08-768x511.jpg 768w, https:\/\/jonathan-philippe.be\/wp-content\/uploads\/2022\/06\/PhotoSites08.jpg 1535w\" sizes=\"(max-width: 300px) 100vw, 300px\"  data-dt-location=\"https:\/\/jonathan-philippe.be\/en\/photosites08\/\" \/><\/div>\n\t\t<\/figure>\n\t<\/div>\n<\/div><\/div><\/div><\/div><div class=\"vc_row wpb_row vc_row-fluid\"><div class=\"wpb_column vc_column_container vc_col-sm-6\"><div class=\"vc_column-inner\"><div class=\"wpb_wrapper\">\n\t<div  class=\"wpb_single_image wpb_content_element vc_align_left\">\n\t\t\n\t\t<figure class=\"wpb_wrapper vc_figure\">\n\t\t\t<div class=\"vc_single_image-wrapper   vc_box_border_grey\"><img decoding=\"async\" width=\"300\" height=\"202\" src=\"https:\/\/jonathan-philippe.be\/wp-content\/uploads\/2022\/06\/PhotoSites03-300x202.jpg\" class=\"vc_single_image-img attachment-medium\" alt=\"\" title=\"PhotoSites03\" srcset=\"https:\/\/jonathan-philippe.be\/wp-content\/uploads\/2022\/06\/PhotoSites03-300x202.jpg 300w, https:\/\/jonathan-philippe.be\/wp-content\/uploads\/2022\/06\/PhotoSites03-768x518.jpg 768w, https:\/\/jonathan-philippe.be\/wp-content\/uploads\/2022\/06\/PhotoSites03.jpg 779w\" sizes=\"(max-width: 300px) 100vw, 300px\"  data-dt-location=\"https:\/\/jonathan-philippe.be\/en\/photosites03\/\" \/><\/div>\n\t\t<\/figure>\n\t<\/div>\n<\/div><\/div><\/div><div class=\"wpb_column vc_column_container vc_col-sm-6\"><div class=\"vc_column-inner\"><div class=\"wpb_wrapper\"><div id=\"ultimate-heading-250269ef84d5ddade\" class=\"uvc-heading ult-adjust-bottom-margin ultimate-heading-250269ef84d5ddade uvc-2669  uvc-heading-default-font-sizes\" data-hspacer=\"no_spacer\"  data-halign=\"left\" style=\"text-align:left\"><div class=\"uvc-heading-spacer no_spacer\" style=\"top\"><\/div><div class=\"uvc-main-heading ult-responsive\"  data-ultimate-target='.uvc-heading.ultimate-heading-250269ef84d5ddade h2'  data-responsive-json-new='{\"font-size\":\"\",\"line-height\":\"\"}' ><h2 style=\"font-family:&#039;Kumbh Sans&#039;;--font-weight:theme;margin-bottom:35px;\">Magic... that fits YOU !<\/h2><\/div><div class=\"uvc-sub-heading ult-responsive\"  data-ultimate-target='.uvc-heading.ultimate-heading-250269ef84d5ddade .uvc-sub-heading '  data-responsive-json-new='{\"font-size\":\"\",\"line-height\":\"\"}'  style=\"font-family:&#039;Kumbh Sans&#039;;font-weight:normal;\">Jonathan can personalise tricks around your logo or your promotional message: your guests will be left with a \u201cmagical\/impossible\u201d souvenir which will be branded with your name.<\/div><\/div><\/div><\/div><\/div><\/div><!-- Row Backgrounds --><div class=\"upb_color\" data-bg-override=\"full\" data-bg-color=\"#f7f7f7\" data-fadeout=\"\" data-fadeout-percentage=\"30\" data-parallax-content=\"\" data-parallax-content-sense=\"30\" data-row-effect-mobile-disable=\"true\" data-img-parallax-mobile-disable=\"true\" data-rtl=\"false\"  data-custom-vc-row=\"\"  data-vc=\"6.9.0\"  data-is_old_vc=\"\"  data-theme-support=\"\"   data-overlay=\"false\" data-overlay-color=\"\" data-overlay-pattern=\"\" data-overlay-pattern-opacity=\"\" data-overlay-pattern-size=\"\"    ><\/div><div class=\"vc_row wpb_row vc_row-fluid vc_row-o-equal-height vc_row-o-content-middle vc_row-flex\"><div class=\"wpb_column vc_column_container vc_col-sm-6\"><div class=\"vc_column-inner\"><div class=\"wpb_wrapper\"><div id=\"ultimate-heading-228669ef84d5ddd8f\" class=\"uvc-heading ult-adjust-bottom-margin ultimate-heading-228669ef84d5ddd8f uvc-8670  uvc-heading-default-font-sizes\" data-hspacer=\"no_spacer\"  data-halign=\"left\" style=\"text-align:left\"><div class=\"uvc-heading-spacer no_spacer\" style=\"top\"><\/div><div class=\"uvc-main-heading ult-responsive\"  data-ultimate-target='.uvc-heading.ultimate-heading-228669ef84d5ddd8f h2'  data-responsive-json-new='{\"font-size\":\"\",\"line-height\":\"\"}' ><h2 style=\"font-family:&#039;Kumbh Sans&#039;;--font-weight:theme;margin-bottom:30px;\">On stage<\/h2><\/div><div class=\"uvc-sub-heading ult-responsive\"  data-ultimate-target='.uvc-heading.ultimate-heading-228669ef84d5ddd8f .uvc-sub-heading '  data-responsive-json-new='{\"font-size\":\"\",\"line-height\":\"\"}'  style=\"font-family:&#039;Kumbh Sans&#039;;font-weight:normal;\">Jonathan can also entertain on stage. Short magical interludes (cabaret-like pieces, or as a MC) or a small magic show. As a self-contained performance or as a small addition to a close-up animation, anything is possible!<\/div><\/div><\/div><\/div><\/div><div class=\"wpb_column vc_column_container vc_col-sm-6\"><div class=\"vc_column-inner vc_custom_1562003166274\"><div class=\"wpb_wrapper\">\n\t<div  class=\"wpb_single_image wpb_content_element vc_align_left  vc_custom_1654595354530\">\n\t\t\n\t\t<figure class=\"wpb_wrapper vc_figure\">\n\t\t\t<div class=\"vc_single_image-wrapper   vc_box_border_grey\"><img decoding=\"async\" width=\"300\" height=\"200\" src=\"https:\/\/jonathan-philippe.be\/wp-content\/uploads\/2022\/06\/Jonathan_P_Scene03-300x200.jpg\" class=\"vc_single_image-img attachment-medium\" alt=\"\" title=\"Jonathan_P_Scene03\" srcset=\"https:\/\/jonathan-philippe.be\/wp-content\/uploads\/2022\/06\/Jonathan_P_Scene03-300x200.jpg 300w, https:\/\/jonathan-philippe.be\/wp-content\/uploads\/2022\/06\/Jonathan_P_Scene03-1024x682.jpg 1024w, https:\/\/jonathan-philippe.be\/wp-content\/uploads\/2022\/06\/Jonathan_P_Scene03-768x512.jpg 768w, https:\/\/jonathan-philippe.be\/wp-content\/uploads\/2022\/06\/Jonathan_P_Scene03.jpg 1280w\" sizes=\"(max-width: 300px) 100vw, 300px\"  data-dt-location=\"https:\/\/jonathan-philippe.be\/en\/jonathan_p_scene03\/\" \/><\/div>\n\t\t<\/figure>\n\t<\/div>\n<\/div><\/div><\/div><\/div>","protected":false},"excerpt":{"rendered":"<p>Magie&#8230; \u00e0 la carte !Close-up : de la magie&#8230; de tout pr\u00e8s !Jonathan est sp\u00e9cialiste du close-up. La magie est impressionnante \u00e0 la t\u00e9l\u00e9vision ou sur sc\u00e8ne mais il\u00a0n\u2019existe rien de plus magique que de voir se r\u00e9aliser l\u2019impossible juste sous votre nez ou dans vos propres\u00a0mains&#8230; Cocktail, vin d&rsquo;honneur, en famille ou entre coll\u00e8gues,&hellip;<\/p>","protected":false},"author":1,"featured_media":0,"parent":0,"menu_order":0,"comment_status":"closed","ping_status":"closed","template":"","meta":{"footnotes":""},"class_list":["post-1251","page","type-page","status-publish","hentry","description-off"],"_links":{"self":[{"href":"https:\/\/jonathan-philippe.be\/en\/wp-json\/wp\/v2\/pages\/1251","targetHints":{"allow":["GET"]}}],"collection":[{"href":"https:\/\/jonathan-philippe.be\/en\/wp-json\/wp\/v2\/pages"}],"about":[{"href":"https:\/\/jonathan-philippe.be\/en\/wp-json\/wp\/v2\/types\/page"}],"author":[{"embeddable":true,"href":"https:\/\/jonathan-philippe.be\/en\/wp-json\/wp\/v2\/users\/1"}],"replies":[{"embeddable":true,"href":"https:\/\/jonathan-philippe.be\/en\/wp-json\/wp\/v2\/comments?post=1251"}],"version-history":[{"count":0,"href":"https:\/\/jonathan-philippe.be\/en\/wp-json\/wp\/v2\/pages\/1251\/revisions"}],"wp:attachment":[{"href":"https:\/\/jonathan-philippe.be\/en\/wp-json\/wp\/v2\/media?parent=1251"}],"curies":[{"name":"wp","href":"https:\/\/api.w.org\/{rel}","templated":true}]}}