{"id":1252,"date":"2018-11-06T10:35:36","date_gmt":"2018-11-06T10:35:36","guid":{"rendered":"https:\/\/the7.io\/church\/?page_id=11"},"modified":"2024-08-24T15:40:19","modified_gmt":"2024-08-24T13:40:19","slug":"contact","status":"publish","type":"page","link":"https:\/\/jonathan-philippe.be\/en\/contact\/","title":{"rendered":"Contact"},"content":{"rendered":"<div class=\"vc_row wpb_row vc_row-fluid vc_custom_1724506681305\"><div class=\"wpb_column vc_column_container vc_col-sm-12\"><div class=\"vc_column-inner\"><div class=\"wpb_wrapper\"><div id=\"ultimate-heading-224469e309d3b8ad9\" class=\"uvc-heading ult-adjust-bottom-margin ultimate-heading-224469e309d3b8ad9 uvc-4854  uvc-heading-default-font-sizes\" data-hspacer=\"no_spacer\"  data-halign=\"center\" style=\"text-align:center\"><div class=\"uvc-heading-spacer no_spacer\" style=\"top\"><\/div><div class=\"uvc-main-heading ult-responsive\"  data-ultimate-target='.uvc-heading.ultimate-heading-224469e309d3b8ad9 h1'  data-responsive-json-new='{\"font-size\":\"\",\"line-height\":\"\"}' ><h1 style=\"font-family:&#039;Kumbh Sans&#039;;font-weight:500;color:#ffffff;margin-bottom:20px;\">Contact<\/h1><\/div><\/div><\/div><\/div><\/div><\/div><!-- Row Backgrounds --><div class=\"upb_bg_img\" data-ultimate-bg=\"url(https:\/\/jonathan-philippe.be\/wp-content\/uploads\/2024\/08\/jonathan-philippe-magicien-animation-contact.jpg)\" data-image-id=\"id^1482|url^https:\/\/jonathan-philippe.be\/wp-content\/uploads\/2024\/08\/jonathan-philippe-magicien-animation-contact.jpg|caption^null|alt^null|title^jonathan-philippe-magicien-animation-contact|description^null\" data-ultimate-bg-style=\"vcpb-default\" data-bg-img-repeat=\"no-repeat\" data-bg-img-size=\"cover\" data-bg-img-position=\"\" data-parallx_sense=\"30\" data-bg-override=\"full\" data-bg_img_attach=\"scroll\" data-upb-overlay-color=\"\" data-upb-bg-animation=\"\" data-fadeout=\"\" data-bg-animation=\"left-animation\" data-bg-animation-type=\"h\" data-animation-repeat=\"repeat\" data-fadeout-percentage=\"30\" data-parallax-content=\"\" data-parallax-content-sense=\"30\" data-row-effect-mobile-disable=\"true\" data-img-parallax-mobile-disable=\"true\" data-rtl=\"false\"  data-custom-vc-row=\"\"  data-vc=\"6.9.0\"  data-is_old_vc=\"\"  data-theme-support=\"\"   data-overlay=\"false\" data-overlay-color=\"\" data-overlay-pattern=\"\" data-overlay-pattern-opacity=\"\" data-overlay-pattern-size=\"\"    ><\/div><div data-vc-full-width=\"true\" data-vc-full-width-init=\"false\" class=\"vc_row wpb_row vc_row-fluid vc_custom_1654367217717 vc_row-o-equal-height vc_row-o-content-top vc_row-flex\"><div class=\"wpb_column vc_column_container vc_col-sm-6\"><div class=\"vc_column-inner vc_custom_1562003235102\"><div class=\"wpb_wrapper\"><form class=\"dt-contact-form dt-form\" method=\"post\" action=\"\"><input type=\"hidden\" name=\"widget_id\" value=\"presscore-contact-form-widget--1\" \/><input type=\"hidden\" name=\"send_message\" value=\"\" \/><input type=\"hidden\" name=\"security_token\" value=\"87501672423a1c6de587\"\/><div class=\"form-fields\"><span class=\"form-name\"><label class=\"assistive-text\">Name *<\/label><input type=\"text\" class=\"validate[required]\" placeholder=\"Name *\" name=\"name\" value=\"\" aria-required=\"true\">\n<\/span><span class=\"form-mail\"><label class=\"assistive-text\">E-mail *<\/label><input type=\"text\" class=\"validate[required,custom[email]]\" placeholder=\"E-mail *\" name=\"email\" value=\"\" aria-required=\"true\">\n<\/span><span class=\"form-telephone\"><label class=\"assistive-text\">Telephone<\/label><input type=\"text\" placeholder=\"Telephone\" name=\"telephone\" value=\"\" aria-required=\"false\">\n<\/span><\/div><span class=\"form-message\"><label class=\"assistive-text\">Your Message<\/label><textarea placeholder=\"Your Message\" name=\"message\" rows=\"6\" aria-required=\"false\"><\/textarea>\n<\/span><p><a href=\"#\" class=\"dt-btn dt-btn-m dt-btn-submit\" rel=\"nofollow\"><span>Send<\/span><\/a><input class=\"assistive-text\" type=\"submit\" value=\"submit\"><\/p><input type=\"hidden\" name=\"trp-form-language\" value=\"en\"\/><\/form>\n<\/div><\/div><\/div><div class=\"wpb_column vc_column_container vc_col-sm-6 vc_col-has-fill\"><div class=\"vc_column-inner vc_custom_1562003238708\"><div class=\"wpb_wrapper\"><div id=\"ultimate-heading-105369e309d3b9938\" class=\"uvc-heading ult-adjust-bottom-margin ultimate-heading-105369e309d3b9938 uvc-3897  uvc-heading-default-font-sizes\" data-hspacer=\"no_spacer\"  data-halign=\"left\" style=\"text-align:left\"><div class=\"uvc-heading-spacer no_spacer\" style=\"top\"><\/div><div class=\"uvc-main-heading ult-responsive\"  data-ultimate-target='.uvc-heading.ultimate-heading-105369e309d3b9938 h2'  data-responsive-json-new='{\"font-size\":\"\",\"line-height\":\"\"}' ><h2 style=\"font-family:&#039;Kumbh Sans&#039;;font-weight:500;\">Contact us !<\/h2><\/div><div class=\"uvc-sub-heading ult-responsive\"  data-ultimate-target='.uvc-heading.ultimate-heading-105369e309d3b9938 .uvc-sub-heading '  data-responsive-json-new='{\"font-size\":\"\",\"line-height\":\"\"}'  style=\"font-family:&#039;Kumbh Sans&#039;;font-weight:normal;\">We'll be able to settle on the best-suited performance options regarding your needs, and we shall make you our best offer. In the form, please don't forget to mention your name and the date of your upcoming event. Thank you !<\/div><\/div><div id=\"ultimate-heading-635369e309d3b999b\" class=\"uvc-heading ult-adjust-bottom-margin ultimate-heading-635369e309d3b999b uvc-6629 accent-title-color uvc-heading-default-font-sizes\" data-hspacer=\"no_spacer\"  data-halign=\"left\" style=\"text-align:left\"><div class=\"uvc-heading-spacer no_spacer\" style=\"top\"><\/div><div class=\"uvc-main-heading ult-responsive\"  data-ultimate-target='.uvc-heading.ultimate-heading-635369e309d3b999b h5'  data-responsive-json-new='{\"font-size\":\"\",\"line-height\":\"\"}' ><h5 style=\"font-family:&#039;Kumbh Sans&#039;;--font-weight:theme;margin-top:20px;margin-bottom:5px;\">Phone<\/h5><\/div><div class=\"uvc-sub-heading ult-responsive\"  data-ultimate-target='.uvc-heading.ultimate-heading-635369e309d3b999b .uvc-sub-heading '  data-responsive-json-new='{\"font-size\":\"\",\"line-height\":\"\"}'  style=\"font-family:&#039;Kumbh Sans&#039;;font-weight:normal;margin-bottom:15px;\">+32 2 544 15 87<\/div><\/div><div class=\"ubtn-ctn-left\"><a class=\"ubtn-link ult-adjust-bottom-margin ubtn-left ubtn-normal\" href=\"mailto: jphilippe@philimail.be\" ><button type=\"button\" id=\"ubtn-6943\"  class=\"ubtn ult-adjust-bottom-margin ult-responsive ubtn-normal ubtn-no-hover-bg  ulta-pop  ubtn-left   tooltip-69e309d3b99d9\"  data-hover=\"\" data-border-color=\"\" data-bg=\"#dd9933\" data-hover-bg=\"#1ae6f4\" data-border-hover=\"\" data-shadow-hover=\"\" data-shadow-click=\"none\" data-shadow=\"\" data-shd-shadow=\"\"  data-ultimate-target='#ubtn-6943'  data-responsive-json-new='{\"font-size\":\"\",\"line-height\":\"\"}'  style=\"font-family:&#039;Kumbh Sans&#039;;font-weight:700;border:none;background: #dd9933;color: #000000;\"><span class=\"ubtn-hover\" style=\"background-color:#1ae6f4\"><\/span><span class=\"ubtn-data ubtn-text\" >Write to us<\/span><\/button><\/a><\/div><\/div><\/div><\/div><\/div><div class=\"vc_row-full-width vc_clearfix\"><\/div><!-- Row Backgrounds --><\/p>","protected":false},"excerpt":{"rendered":"<p>ContactContactez-nous !Nous pourrons envisager ensemble la solution qui vous conviendra le mieux et ainsi vous soumettre une offre pr\u00e9cise. Dans le formulaire, n&rsquo;oubliez pas de pr\u00e9ciser votre nom ainsi que la date de votre \u00e9v\u00e9nement. Merci !T\u00e9l\u00e9phone+32 2 544 15 87Ecrivez-nous !<\/p>","protected":false},"author":1,"featured_media":0,"parent":0,"menu_order":0,"comment_status":"closed","ping_status":"closed","template":"","meta":{"footnotes":""},"class_list":["post-1252","page","type-page","status-publish","hentry","description-off"],"_links":{"self":[{"href":"https:\/\/jonathan-philippe.be\/en\/wp-json\/wp\/v2\/pages\/1252","targetHints":{"allow":["GET"]}}],"collection":[{"href":"https:\/\/jonathan-philippe.be\/en\/wp-json\/wp\/v2\/pages"}],"about":[{"href":"https:\/\/jonathan-philippe.be\/en\/wp-json\/wp\/v2\/types\/page"}],"author":[{"embeddable":true,"href":"https:\/\/jonathan-philippe.be\/en\/wp-json\/wp\/v2\/users\/1"}],"replies":[{"embeddable":true,"href":"https:\/\/jonathan-philippe.be\/en\/wp-json\/wp\/v2\/comments?post=1252"}],"version-history":[{"count":0,"href":"https:\/\/jonathan-philippe.be\/en\/wp-json\/wp\/v2\/pages\/1252\/revisions"}],"wp:attachment":[{"href":"https:\/\/jonathan-philippe.be\/en\/wp-json\/wp\/v2\/media?parent=1252"}],"curies":[{"name":"wp","href":"https:\/\/api.w.org\/{rel}","templated":true}]}}