{"id":171,"date":"2019-06-01T08:00:40","date_gmt":"2019-06-01T12:00:40","guid":{"rendered":"https:\/\/the7.io\/church\/?page_id=171"},"modified":"2024-08-24T15:36:38","modified_gmt":"2024-08-24T13:36:38","slug":"giving","status":"publish","type":"page","link":"https:\/\/jonathan-philippe.be\/en\/giving\/","title":{"rendered":"Clients\/Credentials"},"content":{"rendered":"<div class=\"vc_row wpb_row vc_row-fluid vc_custom_1724506599999\"><div class=\"wpb_column vc_column_container vc_col-sm-12\"><div class=\"vc_column-inner vc_custom_1654544554899\"><div class=\"wpb_wrapper\"><div id=\"ultimate-heading-449269def77be8ead\" class=\"uvc-heading ult-adjust-bottom-margin ultimate-heading-449269def77be8ead uvc-54  uvc-heading-default-font-sizes\" data-hspacer=\"no_spacer\"  data-halign=\"center\" style=\"text-align:center\"><div class=\"uvc-heading-spacer no_spacer\" style=\"top\"><\/div><div class=\"uvc-main-heading ult-responsive\"  data-ultimate-target='.uvc-heading.ultimate-heading-449269def77be8ead h1'  data-responsive-json-new='{\"font-size\":\"\",\"line-height\":\"\"}' ><h1 style=\"font-family:&#039;Kumbh Sans&#039;;font-weight:500;color:#ffffff;\">Clients \/ Credentials<\/h1><\/div><\/div><\/div><\/div><\/div><\/div><!-- Row Backgrounds --><div class=\"upb_bg_img\" data-ultimate-bg=\"url(https:\/\/jonathan-philippe.be\/wp-content\/uploads\/2024\/08\/jonathan-philippe-magicien-animation-credits.jpg)\" data-image-id=\"id^1480|url^https:\/\/jonathan-philippe.be\/wp-content\/uploads\/2024\/08\/jonathan-philippe-magicien-animation-credits.jpg|caption^null|alt^null|title^jonathan-philippe-magicien-animation-credits|description^null\" data-ultimate-bg-style=\"vcpb-default\" data-bg-img-repeat=\"no-repeat\" data-bg-img-size=\"cover\" data-bg-img-position=\"\" data-parallx_sense=\"30\" data-bg-override=\"full\" data-bg_img_attach=\"scroll\" data-upb-overlay-color=\"\" data-upb-bg-animation=\"\" data-fadeout=\"\" data-bg-animation=\"left-animation\" data-bg-animation-type=\"h\" data-animation-repeat=\"repeat\" data-fadeout-percentage=\"30\" data-parallax-content=\"\" data-parallax-content-sense=\"30\" data-row-effect-mobile-disable=\"true\" data-img-parallax-mobile-disable=\"true\" data-rtl=\"false\"  data-custom-vc-row=\"\"  data-vc=\"6.9.0\"  data-is_old_vc=\"\"  data-theme-support=\"\"   data-overlay=\"false\" data-overlay-color=\"\" data-overlay-pattern=\"\" data-overlay-pattern-opacity=\"\" data-overlay-pattern-size=\"\"    ><\/div><div class=\"vc_row wpb_row vc_row-fluid vc_custom_1561965315283\"><div class=\"wpb_column vc_column_container vc_col-sm-6\"><div class=\"vc_column-inner\"><div class=\"wpb_wrapper\"><div id=\"ultimate-heading-72569def77be9a1d\" class=\"uvc-heading ult-adjust-bottom-margin ultimate-heading-72569def77be9a1d uvc-9560  uvc-heading-default-font-sizes\" data-hspacer=\"no_spacer\"  data-halign=\"center\" style=\"text-align:center\"><div class=\"uvc-heading-spacer no_spacer\" style=\"top\"><\/div><div class=\"uvc-sub-heading ult-responsive\"  data-ultimate-target='.uvc-heading.ultimate-heading-72569def77be9a1d .uvc-sub-heading '  data-responsive-json-new='{\"font-size\":\"\",\"line-height\":\"\"}'  style=\"font-family:&#039;Kumbh Sans&#039;;font-weight:normal;\"><\/p>\n<p style=\"text-align: left;\"><em>Jonathan and his magic were a big hit with our guests at our corporate dinner. The close-up magic is very well performed (the closer you watch, the less you see) and the guests were left with a big smile on their face.<\/em> (Clara, corporate event)<\/p>\n<p><\/div><\/div><div id=\"ultimate-heading-350769def77be9a57\" class=\"uvc-heading ult-adjust-bottom-margin ultimate-heading-350769def77be9a57 uvc-2691  uvc-heading-default-font-sizes\" data-hspacer=\"no_spacer\"  data-halign=\"center\" style=\"text-align:center\"><div class=\"uvc-heading-spacer no_spacer\" style=\"top\"><\/div><div class=\"uvc-sub-heading ult-responsive\"  data-ultimate-target='.uvc-heading.ultimate-heading-350769def77be9a57 .uvc-sub-heading '  data-responsive-json-new='{\"font-size\":\"\",\"line-height\":\"\"}'  style=\"font-family:&#039;Kumbh Sans&#039;;font-weight:normal;\"><\/p>\n<p style=\"text-align: left;\"><em>Very nice and enthusiastic magician with a varied and impressive show! Jonathan has successfully adapted to his audience in English - a group of 14\/15 year old girls - and they still talk about it! Highly recommended! <\/em>(Diane, family show)<\/p>\n<p><\/div><\/div><div id=\"ultimate-heading-279169def77be9a82\" class=\"uvc-heading ult-adjust-bottom-margin ultimate-heading-279169def77be9a82 uvc-1751  uvc-heading-default-font-sizes\" data-hspacer=\"no_spacer\"  data-halign=\"center\" style=\"text-align:center\"><div class=\"uvc-heading-spacer no_spacer\" style=\"top\"><\/div><div class=\"uvc-sub-heading ult-responsive\"  data-ultimate-target='.uvc-heading.ultimate-heading-279169def77be9a82 .uvc-sub-heading '  data-responsive-json-new='{\"font-size\":\"\",\"line-height\":\"\"}'  style=\"font-family:&#039;Kumbh Sans&#039;;font-weight:normal;\"><\/p>\n<p style=\"text-align: left;\"><em>Thank you again for your great performance on Saturday! Our guests were delighted and (as always) very impressed by your magic! This contributed very nicely to the success of this evening that will remain for us unforgettable. See you soon!<\/em> (G\u00e9raldine, Wedding)<\/p>\n<p><\/div><\/div><div id=\"ultimate-heading-729669def77be9aa8\" class=\"uvc-heading ult-adjust-bottom-margin ultimate-heading-729669def77be9aa8 uvc-5159  uvc-heading-default-font-sizes\" data-hspacer=\"no_spacer\"  data-halign=\"center\" style=\"text-align:center\"><div class=\"uvc-heading-spacer no_spacer\" style=\"top\"><\/div><div class=\"uvc-sub-heading ult-responsive\"  data-ultimate-target='.uvc-heading.ultimate-heading-729669def77be9aa8 .uvc-sub-heading '  data-responsive-json-new='{\"font-size\":\"\",\"line-height\":\"\"}'  style=\"font-family:&#039;Kumbh Sans&#039;;font-weight:normal;\"><\/p>\n<p style=\"text-align: left;\"><em>I am delighted with Jonathan\u2019s performance. He delighted our guests with his  magic at our <\/em><em>wedding! He's a serious service provider, who blends easily in without being invasive! I reveived nothing but great feedback <\/em><em>from our guests! I highly recommend Jonathan's services!<\/em> (No\u00e9mie, wedding)<\/p>\n<p><\/div><\/div><\/div><\/div><\/div><div class=\"wpb_column vc_column_container vc_col-sm-6\"><div class=\"vc_column-inner\"><div class=\"wpb_wrapper\"><div id=\"ultimate-heading-879769def77be9c08\" class=\"uvc-heading ult-adjust-bottom-margin ultimate-heading-879769def77be9c08 uvc-6468  uvc-heading-default-font-sizes\" data-hspacer=\"no_spacer\"  data-halign=\"center\" style=\"text-align:center\"><div class=\"uvc-heading-spacer no_spacer\" style=\"top\"><\/div><div class=\"uvc-sub-heading ult-responsive\"  data-ultimate-target='.uvc-heading.ultimate-heading-879769def77be9c08 .uvc-sub-heading '  data-responsive-json-new='{\"font-size\":\"\",\"line-height\":\"\"}'  style=\"font-family:&#039;Kumbh Sans&#039;;font-weight:normal;\"><\/p>\n<p style=\"text-align: center;\">All these societies have trusted us:<\/p>\n<p><\/div><\/div><style type=\"text\/css\" data-type=\"the7_shortcodes-inline-css\">.gallery-shortcode.gallery-masonry-shortcode-id-ed4659a76bd6f46f10da00142f6f6140 figure,\n.gallery-shortcode.gallery-masonry-shortcode-id-ed4659a76bd6f46f10da00142f6f6140 .rollover,\n.gallery-shortcode.gallery-masonry-shortcode-id-ed4659a76bd6f46f10da00142f6f6140 img,\n.gallery-shortcode.gallery-masonry-shortcode-id-ed4659a76bd6f46f10da00142f6f6140 .gallery-rollover {\n  border-radius: 0px;\n}\n.gallery-shortcode.gallery-masonry-shortcode-id-ed4659a76bd6f46f10da00142f6f6140.enable-bg-rollover .gallery-rollover {\n  background: -webkit-linear-gradient();\n  background: linear-gradient();\n}\n.gallery-shortcode.gallery-masonry-shortcode-id-ed4659a76bd6f46f10da00142f6f6140.enable-bg-rollover.hover-scale figure .rollover:after {\n  background: -webkit-linear-gradient();\n  background: linear-gradient();\n}\n.gallery-shortcode.gallery-masonry-shortcode-id-ed4659a76bd6f46f10da00142f6f6140 .gallery-zoom-ico {\n  width: 44px;\n  height: 44px;\n  line-height: 44px;\n  border-radius: 100px;\n  margin: -22px 0 0 -22px;\n  border-width: 0px;\n  color: #ffffff;\n}\n.dt-icon-bg-on.gallery-shortcode.gallery-masonry-shortcode-id-ed4659a76bd6f46f10da00142f6f6140 .gallery-zoom-ico {\n  background: rgba(255,255,255,0.3);\n  box-shadow: none;\n}\n.gallery-shortcode.gallery-masonry-shortcode-id-ed4659a76bd6f46f10da00142f6f6140 .gallery-zoom-ico:before,\n.gallery-shortcode.gallery-masonry-shortcode-id-ed4659a76bd6f46f10da00142f6f6140 .gallery-zoom-ico span {\n  font-size: 32px;\n  line-height: 44px;\n  color: #ffffff;\n}\n.gallery-shortcode.gallery-masonry-shortcode-id-ed4659a76bd6f46f10da00142f6f6140:not(.resize-by-browser-width) .dt-css-grid {\n  grid-row-gap: 12px;\n  grid-column-gap: 12px;\n  grid-template-columns: repeat(auto-fill,minmax(,1fr));\n}\n.gallery-shortcode.gallery-masonry-shortcode-id-ed4659a76bd6f46f10da00142f6f6140:not(.resize-by-browser-width) .dt-css-grid .double-width {\n  grid-column: span 2;\n}\n.cssgridlegacy.no-cssgrid .gallery-shortcode.gallery-masonry-shortcode-id-ed4659a76bd6f46f10da00142f6f6140:not(.resize-by-browser-width) .dt-css-grid,\n.no-cssgridlegacy.no-cssgrid .gallery-shortcode.gallery-masonry-shortcode-id-ed4659a76bd6f46f10da00142f6f6140:not(.resize-by-browser-width) .dt-css-grid {\n  display: flex;\n  flex-flow: row wrap;\n  margin: -6px;\n}\n.cssgridlegacy.no-cssgrid .gallery-shortcode.gallery-masonry-shortcode-id-ed4659a76bd6f46f10da00142f6f6140:not(.resize-by-browser-width) .dt-css-grid .wf-cell,\n.no-cssgridlegacy.no-cssgrid .gallery-shortcode.gallery-masonry-shortcode-id-ed4659a76bd6f46f10da00142f6f6140:not(.resize-by-browser-width) .dt-css-grid .wf-cell {\n  flex: 1 0 ;\n  max-width: 100%;\n  padding: 6px;\n  box-sizing: border-box;\n}\n.gallery-shortcode.gallery-masonry-shortcode-id-ed4659a76bd6f46f10da00142f6f6140.resize-by-browser-width .dt-css-grid {\n  grid-template-columns: repeat(5,1fr);\n  grid-template-rows: auto;\n  grid-column-gap: 12px;\n  grid-row-gap: 12px;\n}\n.gallery-shortcode.gallery-masonry-shortcode-id-ed4659a76bd6f46f10da00142f6f6140.resize-by-browser-width .dt-css-grid .double-width {\n  grid-column: span 2;\n}\n.cssgridlegacy.no-cssgrid .gallery-shortcode.gallery-masonry-shortcode-id-ed4659a76bd6f46f10da00142f6f6140.resize-by-browser-width .dt-css-grid {\n  margin: -6px;\n}\n.cssgridlegacy.no-cssgrid .gallery-shortcode.gallery-masonry-shortcode-id-ed4659a76bd6f46f10da00142f6f6140.resize-by-browser-width .dt-css-grid .wf-cell {\n  width: 20%;\n  padding: 6px;\n}\n.cssgridlegacy.no-cssgrid .gallery-shortcode.gallery-masonry-shortcode-id-ed4659a76bd6f46f10da00142f6f6140.resize-by-browser-width .dt-css-grid .wf-cell.double-width {\n  width: calc(20%) * 2;\n}\n.gallery-shortcode.gallery-masonry-shortcode-id-ed4659a76bd6f46f10da00142f6f6140.resize-by-browser-width:not(.centered-layout-list):not(.content-bg-on) .dt-css-grid {\n  grid-row-gap: 12px - ;\n}\n@media screen and (max-width: 1199px) {\n  .gallery-shortcode.gallery-masonry-shortcode-id-ed4659a76bd6f46f10da00142f6f6140.resize-by-browser-width .dt-css-grid {\n    grid-template-columns: repeat(4,1fr);\n  }\n  .cssgridlegacy.no-cssgrid .gallery-shortcode.gallery-masonry-shortcode-id-ed4659a76bd6f46f10da00142f6f6140.resize-by-browser-width .dt-css-grid .wf-cell,\n  .no-cssgridlegacy.no-cssgrid .gallery-shortcode.gallery-masonry-shortcode-id-ed4659a76bd6f46f10da00142f6f6140.resize-by-browser-width .dt-css-grid .wf-cell {\n    width: 25%;\n  }\n  .cssgridlegacy.no-cssgrid .gallery-shortcode.gallery-masonry-shortcode-id-ed4659a76bd6f46f10da00142f6f6140.resize-by-browser-width .dt-css-grid .wf-cell.double-width,\n  .no-cssgridlegacy.no-cssgrid .gallery-shortcode.gallery-masonry-shortcode-id-ed4659a76bd6f46f10da00142f6f6140.resize-by-browser-width .dt-css-grid .wf-cell.double-width {\n    width: calc(25%)*2;\n  }\n}\n@media screen and (max-width: 991px) {\n  .gallery-shortcode.gallery-masonry-shortcode-id-ed4659a76bd6f46f10da00142f6f6140.resize-by-browser-width .dt-css-grid {\n    grid-template-columns: repeat(3,1fr);\n  }\n  .cssgridlegacy.no-cssgrid .gallery-shortcode.gallery-masonry-shortcode-id-ed4659a76bd6f46f10da00142f6f6140.resize-by-browser-width .dt-css-grid .wf-cell,\n  .no-cssgridlegacy.no-cssgrid .gallery-shortcode.gallery-masonry-shortcode-id-ed4659a76bd6f46f10da00142f6f6140.resize-by-browser-width .dt-css-grid .wf-cell {\n    width: 33.333333333333%;\n  }\n  .cssgridlegacy.no-cssgrid .gallery-shortcode.gallery-masonry-shortcode-id-ed4659a76bd6f46f10da00142f6f6140.resize-by-browser-width .dt-css-grid .wf-cell.double-width,\n  .no-cssgridlegacy.no-cssgrid .gallery-shortcode.gallery-masonry-shortcode-id-ed4659a76bd6f46f10da00142f6f6140.resize-by-browser-width .dt-css-grid .wf-cell.double-width {\n    width: calc(33.333333333333%)*2;\n  }\n}\n@media screen and (max-width: 767px) {\n  .gallery-shortcode.gallery-masonry-shortcode-id-ed4659a76bd6f46f10da00142f6f6140.resize-by-browser-width .dt-css-grid {\n    grid-template-columns: repeat(2,1fr);\n  }\n  .cssgridlegacy.no-cssgrid .gallery-shortcode.gallery-masonry-shortcode-id-ed4659a76bd6f46f10da00142f6f6140.resize-by-browser-width .dt-css-grid .wf-cell,\n  .no-cssgridlegacy.no-cssgrid .gallery-shortcode.gallery-masonry-shortcode-id-ed4659a76bd6f46f10da00142f6f6140.resize-by-browser-width .dt-css-grid .wf-cell {\n    width: 50%;\n  }\n  .cssgridlegacy.no-cssgrid .gallery-shortcode.gallery-masonry-shortcode-id-ed4659a76bd6f46f10da00142f6f6140.resize-by-browser-width .dt-css-grid .wf-cell.double-width,\n  .no-cssgridlegacy.no-cssgrid .gallery-shortcode.gallery-masonry-shortcode-id-ed4659a76bd6f46f10da00142f6f6140.resize-by-browser-width .dt-css-grid .wf-cell.double-width {\n    width: calc(50%)*2;\n  }\n}<\/style><div class=\"gallery-shortcode dt-gallery-container gallery-masonry-shortcode-id-ed4659a76bd6f46f10da00142f6f6140 mode-masonry jquery-filter dt-icon-bg-off quick-scale-img enable-bg-rollover resize-by-browser-width  hover-fade loading-effect-none description-on-hover\" data-padding=\"6px\" data-cur-page=\"1\" data-post-limit=\"-1\" data-pagination-mode=\"none\" data-desktop-columns-num=\"5\" data-v-tablet-columns-num=\"3\" data-h-tablet-columns-num=\"4\" data-phone-columns-num=\"2\" data-width=\"0px\" data-columns=\"0\"><div class=\"iso-container\" ><div class=\"wf-cell iso-item\" data-post-id=\"22\" data-date=\"2022-06-02T10:49:16+02:00\" data-name=\"PhotoSites08\"><figure class=\"post visible\"><span class=\"rollover layzr-bg\"  title=\"PhotoSites08\"><img fetchpriority=\"high\" decoding=\"async\" class=\"preload-me iso-lazy-load aspect\" src=\"data:image\/svg+xml,%3Csvg%20xmlns%3D&#39;http%3A%2F%2Fwww.w3.org%2F2000%2Fsvg&#39;%20viewBox%3D&#39;0%200%20378%20252&#39;%2F%3E\" data-src=\"https:\/\/jonathan-philippe.be\/wp-content\/uploads\/2022\/06\/PhotoSites08-378x252.jpg\" data-srcset=\"https:\/\/jonathan-philippe.be\/wp-content\/uploads\/2022\/06\/PhotoSites08-378x252.jpg 378w, https:\/\/jonathan-philippe.be\/wp-content\/uploads\/2022\/06\/PhotoSites08-567x378.jpg 567w\" loading=\"eager\" style=\"--ratio: 378 \/ 252\" sizes=\"(max-width: 378px) 100vw, 378px\" alt=\"\" width=\"378\" height=\"252\"  \/><span class=\"gallery-rollover\"><span class=\"gallery-zoom-ico icomoon-the7-font-the7-zoom-06\"><span><\/span><\/span><\/span><\/span><\/figure><\/div><div class=\"wf-cell iso-item\" data-post-id=\"20\" data-date=\"2022-06-02T10:49:11+02:00\" data-name=\"PhotoSites03\"><figure class=\"post visible\"><span class=\"rollover layzr-bg\"  title=\"PhotoSites03\"><img decoding=\"async\" class=\"preload-me iso-lazy-load aspect\" src=\"data:image\/svg+xml,%3Csvg%20xmlns%3D&#39;http%3A%2F%2Fwww.w3.org%2F2000%2Fsvg&#39;%20viewBox%3D&#39;0%200%20378%20255&#39;%2F%3E\" data-src=\"https:\/\/jonathan-philippe.be\/wp-content\/uploads\/2022\/06\/PhotoSites03-378x255.jpg\" data-srcset=\"https:\/\/jonathan-philippe.be\/wp-content\/uploads\/2022\/06\/PhotoSites03-378x255.jpg 378w, https:\/\/jonathan-philippe.be\/wp-content\/uploads\/2022\/06\/PhotoSites03-567x383.jpg 567w\" loading=\"eager\" style=\"--ratio: 378 \/ 255\" sizes=\"(max-width: 378px) 100vw, 378px\" alt=\"\" width=\"378\" height=\"255\"  \/><span class=\"gallery-rollover\"><span class=\"gallery-zoom-ico icomoon-the7-font-the7-zoom-06\"><span><\/span><\/span><\/span><\/span><\/figure><\/div><div class=\"wf-cell iso-item\" data-post-id=\"11\" data-date=\"2022-06-02T10:48:48+02:00\" data-name=\"Jonathan_P_Scene03\"><figure class=\"post visible\"><span class=\"rollover layzr-bg\"  title=\"Jonathan_P_Scene03\"><img decoding=\"async\" class=\"preload-me iso-lazy-load aspect\" src=\"data:image\/svg+xml,%3Csvg%20xmlns%3D&#39;http%3A%2F%2Fwww.w3.org%2F2000%2Fsvg&#39;%20viewBox%3D&#39;0%200%20378%20252&#39;%2F%3E\" data-src=\"https:\/\/jonathan-philippe.be\/wp-content\/uploads\/2022\/06\/Jonathan_P_Scene03-378x252.jpg\" data-srcset=\"https:\/\/jonathan-philippe.be\/wp-content\/uploads\/2022\/06\/Jonathan_P_Scene03-378x252.jpg 378w, https:\/\/jonathan-philippe.be\/wp-content\/uploads\/2022\/06\/Jonathan_P_Scene03-567x378.jpg 567w\" loading=\"eager\" style=\"--ratio: 378 \/ 252\" sizes=\"(max-width: 378px) 100vw, 378px\" alt=\"\" width=\"378\" height=\"252\"  \/><span class=\"gallery-rollover\"><span class=\"gallery-zoom-ico icomoon-the7-font-the7-zoom-06\"><span><\/span><\/span><\/span><\/span><\/figure><\/div><div class=\"wf-cell iso-item\" data-post-id=\"1373\" data-date=\"2022-06-05T20:44:53+02:00\" data-name=\"CoiffureLiliane2020_13\"><figure class=\"post visible\"><span class=\"rollover layzr-bg\"  title=\"CoiffureLiliane2020_13\"><img decoding=\"async\" class=\"preload-me iso-lazy-load aspect\" src=\"data:image\/svg+xml,%3Csvg%20xmlns%3D&#39;http%3A%2F%2Fwww.w3.org%2F2000%2Fsvg&#39;%20viewBox%3D&#39;0%200%20378%20567&#39;%2F%3E\" data-src=\"https:\/\/jonathan-philippe.be\/wp-content\/uploads\/2019\/06\/CoiffureLiliane2020_13-378x567.jpg\" data-srcset=\"https:\/\/jonathan-philippe.be\/wp-content\/uploads\/2019\/06\/CoiffureLiliane2020_13-378x567.jpg 378w, https:\/\/jonathan-philippe.be\/wp-content\/uploads\/2019\/06\/CoiffureLiliane2020_13-567x851.jpg 567w\" loading=\"eager\" style=\"--ratio: 378 \/ 567\" sizes=\"(max-width: 378px) 100vw, 378px\" alt=\"\" width=\"378\" height=\"567\"  \/><span class=\"gallery-rollover\"><span class=\"gallery-zoom-ico icomoon-the7-font-the7-zoom-06\"><span><\/span><\/span><\/span><\/span><\/figure><\/div><div class=\"wf-cell iso-item\" data-post-id=\"1449\" data-date=\"2023-09-18T17:01:00+02:00\" data-name=\"2023_01web\"><figure class=\"post visible\"><span class=\"rollover layzr-bg\"  title=\"2023_01web\"><img decoding=\"async\" class=\"preload-me iso-lazy-load aspect\" src=\"data:image\/svg+xml,%3Csvg%20xmlns%3D&#39;http%3A%2F%2Fwww.w3.org%2F2000%2Fsvg&#39;%20viewBox%3D&#39;0%200%20378%20567&#39;%2F%3E\" data-src=\"https:\/\/jonathan-philippe.be\/wp-content\/uploads\/2019\/06\/2023_01web-378x567.jpg\" data-srcset=\"https:\/\/jonathan-philippe.be\/wp-content\/uploads\/2019\/06\/2023_01web-378x567.jpg 378w, https:\/\/jonathan-philippe.be\/wp-content\/uploads\/2019\/06\/2023_01web-567x851.jpg 567w\" loading=\"eager\" style=\"--ratio: 378 \/ 567\" sizes=\"(max-width: 378px) 100vw, 378px\" alt=\"\" width=\"378\" height=\"567\"  \/><span class=\"gallery-rollover\"><span class=\"gallery-zoom-ico icomoon-the7-font-the7-zoom-06\"><span><\/span><\/span><\/span><\/span><\/figure><\/div><\/div><!-- iso-container|iso-grid --><\/div><\/div><\/div><\/div><\/div>","protected":false},"excerpt":{"rendered":"<p>Clients \/ cr\u00e9dits Jonathan et ses tours ont beaucoup s\u00e9duit nos invit\u00e9s lors de notre d\u00eener d&rsquo;entreprise. Le close up est bien r\u00e9alis\u00e9 (on n&rsquo;y voit que du feu!) et les convives repartent avec le sourire. (Clara, \u00e9v\u00e8nement d\u2019entreprise) Magicien tr\u00e8s sympa et enthousiaste avec un spectacle vari\u00e9 et impressionnant! Jonathan a su s &lsquo;adapter&hellip;<\/p>","protected":false},"author":1,"featured_media":0,"parent":0,"menu_order":0,"comment_status":"closed","ping_status":"closed","template":"","meta":{"footnotes":""},"class_list":["post-171","page","type-page","status-publish","hentry","description-off"],"_links":{"self":[{"href":"https:\/\/jonathan-philippe.be\/en\/wp-json\/wp\/v2\/pages\/171","targetHints":{"allow":["GET"]}}],"collection":[{"href":"https:\/\/jonathan-philippe.be\/en\/wp-json\/wp\/v2\/pages"}],"about":[{"href":"https:\/\/jonathan-philippe.be\/en\/wp-json\/wp\/v2\/types\/page"}],"author":[{"embeddable":true,"href":"https:\/\/jonathan-philippe.be\/en\/wp-json\/wp\/v2\/users\/1"}],"replies":[{"embeddable":true,"href":"https:\/\/jonathan-philippe.be\/en\/wp-json\/wp\/v2\/comments?post=171"}],"version-history":[{"count":0,"href":"https:\/\/jonathan-philippe.be\/en\/wp-json\/wp\/v2\/pages\/171\/revisions"}],"wp:attachment":[{"href":"https:\/\/jonathan-philippe.be\/en\/wp-json\/wp\/v2\/media?parent=171"}],"curies":[{"name":"wp","href":"https:\/\/api.w.org\/{rel}","templated":true}]}}