{"id":529,"date":"2019-06-24T08:40:25","date_gmt":"2019-06-24T12:40:25","guid":{"rendered":"https:\/\/the7.io\/church\/?page_id=529"},"modified":"2024-08-24T15:30:08","modified_gmt":"2024-08-24T13:30:08","slug":"home-2","status":"publish","type":"page","link":"https:\/\/jonathan-philippe.be\/en\/","title":{"rendered":"Home"},"content":{"rendered":"<div data-vc-full-width=\"true\" data-vc-full-width-init=\"false\" data-vc-stretch-content=\"true\" class=\"vc_row wpb_row vc_row-fluid vc_custom_1724506209077 vc_row-has-fill vc_row-o-full-height vc_row-o-columns-bottom vc_row-o-equal-height vc_row-o-content-middle vc_row-flex\"><div class=\"wpb_column vc_column_container vc_col-sm-10 vc_col-lg-offset-1 vc_col-lg-10 vc_col-md-offset-1 vc_col-md-10 vc_col-sm-offset-1 vc_col-xs-12\"><div class=\"vc_column-inner vc_custom_1562782058213\"><div class=\"wpb_wrapper\"><div id=\"ultimate-heading-688269e2eee933f00\" class=\"uvc-heading ult-adjust-bottom-margin ultimate-heading-688269e2eee933f00 uvc-6981\" data-hspacer=\"icon_only\"  data-halign=\"center\" style=\"text-align:center\"><div class=\"uvc-main-heading ult-responsive\"  data-ultimate-target='.uvc-heading.ultimate-heading-688269e2eee933f00 h3'  data-responsive-json-new='{\"font-size\":\"desktop:46px;tablet:40px;tablet_portrait:36px;mobile_landscape:32px;mobile:28px;\",\"line-height\":\"desktop:56px;tablet:50px;tablet_portrait:46px;mobile_landscape:42px;mobile:38px;\"}' ><h3 style=\"font-family:&#039;Kumbh Sans&#039;;--font-weight:theme;color:#ffffff;margin-bottom:10px;\">Jonathan Philippe<\/h3><\/div><div class=\"uvc-sub-heading ult-responsive\"  data-ultimate-target='.uvc-heading.ultimate-heading-688269e2eee933f00 .uvc-sub-heading '  data-responsive-json-new='{\"font-size\":\"desktop:80px;tablet:70px;tablet_portrait:62px;mobile_landscape:54px;mobile:46px;\",\"line-height\":\"desktop:90px;tablet:80px;tablet_portrait:72px;mobile_landscape:64px;mobile:56px;\"}'  style=\"font-family:&#039;Kumbh Sans&#039;;font-weight:normal;color:#ffffff;margin-bottom:10px;\">Magician<\/div><div class=\"uvc-heading-spacer icon_only\" style=\"top\"><div class=\"ult-just-icon-wrapper\"><div class=\"align-icon\" style=\"text-align:center;\">\n<div class=\"aio-icon none\"  style=\"color:#c19434;font-size:64px;display:inline-block;\">\n\t<i class=\"Defaults-angle-double-down\"><\/i>\n<\/div><\/div><\/div><\/div><\/div><\/div><\/div><\/div><\/div><div class=\"vc_row-full-width vc_clearfix\"><\/div><!-- Row Backgrounds --><div class=\"upb_bg_img\" data-ultimate-bg=\"url(https:\/\/jonathan-philippe.be\/wp-content\/uploads\/2024\/08\/jonathan-philippe-magicien-animation-evenement.jpg)\" data-image-id=\"id^1476|url^https:\/\/jonathan-philippe.be\/wp-content\/uploads\/2024\/08\/jonathan-philippe-magicien-animation-evenement.jpg|caption^null|alt^null|title^jonathan-philippe-magicien-animation-evenement|description^null\" data-ultimate-bg-style=\"vcpb-vz-jquery\" data-bg-img-repeat=\"no-repeat\" data-bg-img-size=\"cover\" data-bg-img-position=\"\" data-parallx_sense=\"30\" data-bg-override=\"ex-full\" data-bg_img_attach=\"scroll\" data-upb-overlay-color=\"rgba(0,0,0,0.3)\" data-upb-bg-animation=\"\" data-fadeout=\"\" data-bg-animation=\"left-animation\" data-bg-animation-type=\"h\" data-animation-repeat=\"repeat\" data-fadeout-percentage=\"30\" data-parallax-content=\"\" data-parallax-content-sense=\"30\" data-row-effect-mobile-disable=\"true\" data-img-parallax-mobile-disable=\"true\" data-rtl=\"false\"  data-custom-vc-row=\"\"  data-vc=\"6.9.0\"  data-is_old_vc=\"\"  data-theme-support=\"\"   data-overlay=\"true\" data-overlay-color=\"rgba(0,0,0,0.3)\" data-overlay-pattern=\"\" data-overlay-pattern-opacity=\"0.02\" data-overlay-pattern-size=\"\" data-overlay-pattern-attachment=\"scroll\"    ><\/div><div class=\"vc_row wpb_row vc_row-fluid vc_custom_1561963340415 vc_row-o-equal-height vc_row-o-content-middle vc_row-flex\"><div class=\"wpb_column vc_column_container vc_col-sm-10 vc_col-lg-offset-2 vc_col-lg-8 vc_col-md-offset-2 vc_col-md-8 vc_col-sm-offset-1 vc_col-xs-12\"><div class=\"vc_column-inner\"><div class=\"wpb_wrapper\"><div id=\"ultimate-heading-249669e2eee934a89\" class=\"uvc-heading ult-adjust-bottom-margin ultimate-heading-249669e2eee934a89 uvc-3820  uvc-heading-default-font-sizes\" data-hspacer=\"no_spacer\"  data-halign=\"center\" style=\"text-align:center\"><div class=\"uvc-heading-spacer no_spacer\" style=\"top\"><\/div><div class=\"uvc-main-heading ult-responsive\"  data-ultimate-target='.uvc-heading.ultimate-heading-249669e2eee934a89 h2'  data-responsive-json-new='{\"font-size\":\"\",\"line-height\":\"\"}' ><h2 style=\"font-family:&#039;Kumbh Sans&#039;;--font-weight:theme;margin-bottom:30px;\">Jonathan Philippe - Magician<\/h2><\/div><\/div><div id=\"ultimate-heading-761069e2eee934ae1\" class=\"uvc-heading ult-adjust-bottom-margin ultimate-heading-761069e2eee934ae1 uvc-8744  uvc-heading-default-font-sizes\" data-hspacer=\"no_spacer\"  data-halign=\"left\" style=\"text-align:left\"><div class=\"uvc-heading-spacer no_spacer\" style=\"top\"><\/div><div class=\"uvc-sub-heading ult-responsive\"  data-ultimate-target='.uvc-heading.ultimate-heading-761069e2eee934ae1 .uvc-sub-heading '  data-responsive-json-new='{\"font-size\":\"\",\"line-height\":\"\"}'  style=\"font-family:&#039;Kumbh Sans&#039;;font-weight:normal;\">Jonathan Philippe is a professional magician since 2005. He entertains his clients either in corporate events or private venues:<\/p>\n<ul>\n<li>corporate event,<\/li>\n<li>wedding,<\/li>\n<li>family event or private party,<\/li>\n<li>seminar or team-building,<\/li>\n<li>product launch...<\/li>\n<\/ul>\n<p>There is a suited solution whatever the event and its scale, and Jonathan will leave your guests with unforgettable memories of it.<\/div><\/div><style type=\"text\/css\" data-type=\"the7_shortcodes-inline-css\">#default-btn-86af7b287f77b8f616ee349034fb3b5e.ico-right-side > i {\n  margin-right: 0px;\n  margin-left: 8px;\n}\n#default-btn-86af7b287f77b8f616ee349034fb3b5e > i {\n  margin-right: 8px;\n}<\/style><div class=\"btn-align-left\"><a href=\"https:\/\/jonathan-philippe.be\/en\/about\/\" class=\"default-btn-shortcode dt-btn dt-btn-l link-hover-off\" id=\"default-btn-86af7b287f77b8f616ee349034fb3b5e\" title=\"YOUR event\"><span>Discover the best option for your event<\/span><\/a><\/div><\/div><\/div><\/div><\/div><!-- Row Backgrounds --><div class=\"upb_color\" data-bg-override=\"full\" data-bg-color=\"#f7f7f7\" data-fadeout=\"\" data-fadeout-percentage=\"30\" data-parallax-content=\"\" data-parallax-content-sense=\"30\" data-row-effect-mobile-disable=\"true\" data-img-parallax-mobile-disable=\"true\" data-rtl=\"false\"  data-custom-vc-row=\"\"  data-vc=\"6.9.0\"  data-is_old_vc=\"\"  data-theme-support=\"\"   data-overlay=\"false\" data-overlay-color=\"\" data-overlay-pattern=\"\" data-overlay-pattern-opacity=\"\" data-overlay-pattern-size=\"\"    ><\/div>","protected":false},"excerpt":{"rendered":"<p>Jonathan PhilippeMagicien Jonathan Philippe &#8211; MagicienMagicien professionnel depuis 2005, Jonathan Philippe anime tout type d&rsquo;\u00e9v\u00e9nement dans le cadre\u00a0professionnel ou familial : f\u00eate d&rsquo;entreprise, mariage, f\u00eate de famille, s\u00e9minaire ou team-building, lancement de produit&#8230; Il existe une formule appropri\u00e9e quelle que soit la taille de votre \u00e9v\u00e9nement. Jonathan\u00a0en laissera \u00e0 vos invit\u00e9s un souvenir inoubliable !<\/p>","protected":false},"author":1,"featured_media":0,"parent":0,"menu_order":0,"comment_status":"closed","ping_status":"closed","template":"","meta":{"footnotes":""},"class_list":["post-529","page","type-page","status-publish","hentry","description-off"],"_links":{"self":[{"href":"https:\/\/jonathan-philippe.be\/en\/wp-json\/wp\/v2\/pages\/529","targetHints":{"allow":["GET"]}}],"collection":[{"href":"https:\/\/jonathan-philippe.be\/en\/wp-json\/wp\/v2\/pages"}],"about":[{"href":"https:\/\/jonathan-philippe.be\/en\/wp-json\/wp\/v2\/types\/page"}],"author":[{"embeddable":true,"href":"https:\/\/jonathan-philippe.be\/en\/wp-json\/wp\/v2\/users\/1"}],"replies":[{"embeddable":true,"href":"https:\/\/jonathan-philippe.be\/en\/wp-json\/wp\/v2\/comments?post=529"}],"version-history":[{"count":0,"href":"https:\/\/jonathan-philippe.be\/en\/wp-json\/wp\/v2\/pages\/529\/revisions"}],"wp:attachment":[{"href":"https:\/\/jonathan-philippe.be\/en\/wp-json\/wp\/v2\/media?parent=529"}],"curies":[{"name":"wp","href":"https:\/\/api.w.org\/{rel}","templated":true}]}}